{"id":1704,"date":"2024-09-10T11:44:24","date_gmt":"2024-09-10T09:44:24","guid":{"rendered":"https:\/\/www.euro10pro.fr\/?post_type=product&#038;p=1704"},"modified":"2024-09-10T14:58:30","modified_gmt":"2024-09-10T12:58:30","slug":"sac-a-main-brindisi","status":"publish","type":"product","link":"https:\/\/www.euro10pro.fr\/index.php\/produit\/sac-a-main-brindisi\/","title":{"rendered":"Sac \u00e0 main &#8211; BRINDISI"},"content":{"rendered":"<ul>\n<li>Composition : Cuir synth\u00e9tique de haute qualit\u00e9 (P.U)<\/li>\n<li>Poches : ouverture zipp\u00e9e en m\u00e9tal de haute qualit\u00e9. Le sac \u00e0 main a une poche principale et deux poches \u00e0 boucle magn\u00e9tique secondaires. La poche principale a 2 poches ouvertes et 1 poche zipp\u00e9e.<\/li>\n<li><span class=\"a-list-item a-size-base a-color-base\">Polyvalent: id\u00e9al pour les mariages, les f\u00eates, les bals, les voyages, le shopping et toute autre activit\u00e9 quotidienne<\/span><\/li>\n<li>Id\u00e9al en cadeaux de f\u00eate des m\u00e8res, des grands m\u00e8res ou pour tous cadeaux\u2026<\/li>\n<li><span class=\"a-list-item a-size-base a-color-base\">Livr\u00e9 avec bandouli\u00e8re r\u00e9glable et amovible. <\/span><\/li>\n<li><span class=\"a-list-item a-size-base a-color-base\">Peut \u00eatre utilis\u00e9 comme sac quotidien ou de voyage. <\/span><span class=\"a-list-item a-size-base a-color-base\">Facile \u00e0 nettoyer<\/span><\/li>\n<\/ul>\n<p>Conseils d\u2019entretien :<\/p>\n<p>Nettoyez votre sac \u00e0 main avec un chiffon doux et humide pour conserver son \u00e9clat.<br \/>\n\u00c9vitez l\u2019exposition prolong\u00e9e \u00e0 la lumi\u00e8re directe du soleil pour pr\u00e9venir la d\u00e9coloration.<br \/>\nRangez votre sac dans un endroit sec lorsque vous ne l\u2019utilisez pas pour maintenir sa forme et sa qualit\u00e9.<\/p>\n","protected":false},"excerpt":{"rendered":"<ul>\n<li>Composition : Cuir synth\u00e9tique de haute qualit\u00e9 (P.U)<\/li>\n<li>Poches : ouverture zipp\u00e9e en m\u00e9tal de haute qualit\u00e9. Le sac \u00e0 main a une poche principale et deux poches \u00e0 boucle magn\u00e9tique secondaires. La poche principale a 2 poches ouvertes et 1 poche zipp\u00e9e.<\/li>\n<li><span class=\"a-list-item a-size-base a-color-base\">Polyvalent: id\u00e9al pour les mariages, les f\u00eates, les bals, les voyages, le shopping et toute autre activit\u00e9 quotidienne<\/span><\/li>\n<li>Id\u00e9al en cadeaux de f\u00eate des m\u00e8res, des grands m\u00e8res ou pour tous cadeaux\u2026<\/li>\n<li><span class=\"a-list-item a-size-base a-color-base\">Livr\u00e9 avec bandouli\u00e8re r\u00e9glable et amovible. <\/span><\/li>\n<li><span class=\"a-list-item a-size-base a-color-base\">Peut \u00eatre utilis\u00e9 comme sac quotidien ou de voyage. <\/span><span class=\"a-list-item a-size-base a-color-base\">Facile \u00e0 nettoyer<\/span><\/li>\n<\/ul>\n","protected":false},"featured_media":1712,"comment_status":"open","ping_status":"closed","template":"","meta":[],"product_cat":[30],"product_tag":[],"class_list":{"0":"post-1704","1":"product","2":"type-product","3":"status-publish","4":"has-post-thumbnail","6":"product_cat-maroquinerie","8":"first","9":"instock","10":"shipping-taxable","11":"product-type-variable","12":"add-to-wishlist-after_add_to_cart"},"aioseo_notices":[],"_links":{"self":[{"href":"https:\/\/www.euro10pro.fr\/index.php\/wp-json\/wp\/v2\/product\/1704","targetHints":{"allow":["GET"]}}],"collection":[{"href":"https:\/\/www.euro10pro.fr\/index.php\/wp-json\/wp\/v2\/product"}],"about":[{"href":"https:\/\/www.euro10pro.fr\/index.php\/wp-json\/wp\/v2\/types\/product"}],"replies":[{"embeddable":true,"href":"https:\/\/www.euro10pro.fr\/index.php\/wp-json\/wp\/v2\/comments?post=1704"}],"version-history":[{"count":6,"href":"https:\/\/www.euro10pro.fr\/index.php\/wp-json\/wp\/v2\/product\/1704\/revisions"}],"predecessor-version":[{"id":1716,"href":"https:\/\/www.euro10pro.fr\/index.php\/wp-json\/wp\/v2\/product\/1704\/revisions\/1716"}],"wp:featuredmedia":[{"embeddable":true,"href":"https:\/\/www.euro10pro.fr\/index.php\/wp-json\/wp\/v2\/media\/1712"}],"wp:attachment":[{"href":"https:\/\/www.euro10pro.fr\/index.php\/wp-json\/wp\/v2\/media?parent=1704"}],"wp:term":[{"taxonomy":"product_cat","embeddable":true,"href":"https:\/\/www.euro10pro.fr\/index.php\/wp-json\/wp\/v2\/product_cat?post=1704"},{"taxonomy":"product_tag","embeddable":true,"href":"https:\/\/www.euro10pro.fr\/index.php\/wp-json\/wp\/v2\/product_tag?post=1704"}],"curies":[{"name":"wp","href":"https:\/\/api.w.org\/{rel}","templated":true}]}}