{"id":1727,"date":"2024-09-10T16:15:16","date_gmt":"2024-09-10T14:15:16","guid":{"rendered":"https:\/\/www.euro10pro.fr\/?post_type=product&#038;p=1727"},"modified":"2024-09-10T16:25:11","modified_gmt":"2024-09-10T14:25:11","slug":"sac-a-main-verone","status":"publish","type":"product","link":"https:\/\/www.euro10pro.fr\/index.php\/produit\/sac-a-main-verone\/","title":{"rendered":"Sac \u00e0 main &#8211; VERONE"},"content":{"rendered":"<ul>\n<li>Mat\u00e9riau : cuir PU avec int\u00e9rieur en polyester.<\/li>\n<li>Style : vintage et simple.<\/li>\n<li>Type de fermeture : fermeture \u00e9clair.<\/li>\n<li>Sac principal avec un compartiment int\u00e9rieur \u00e0 fermeture \u00e9clair, une poche zipp\u00e9e, une poche pour t\u00e9l\u00e9phone et une poche pour documents \u00e0 l&#8217;int\u00e9rieur du sac principal.<\/li>\n<li>Bandouli\u00e8re r\u00e9glable avec boucles m\u00e9talliques et deux sangles en cuir.<\/li>\n<li>Grande capacit\u00e9<\/li>\n<li>Le cuir PU robuste rend le sac \u00e0 main ou sac \u00e0 bandouli\u00e8re plus durable.<\/li>\n<li>Les couleurs peuvent varier en raison de la lumi\u00e8re et de l&#8217;environnement.<\/li>\n<\/ul>\n<p>Conseils d\u2019entretien :<\/p>\n<p>Nettoyez votre sac \u00e0 main avec un chiffon doux et humide pour conserver son \u00e9clat.<br \/>\n\u00c9vitez l\u2019exposition prolong\u00e9e \u00e0 la lumi\u00e8re directe du soleil pour pr\u00e9venir la d\u00e9coloration.<br \/>\nRangez votre sac dans un endroit sec lorsque vous ne l\u2019utilisez pas pour maintenir sa forme et sa qualit\u00e9.<\/p>\n","protected":false},"excerpt":{"rendered":"<ul>\n<li>Mat\u00e9riau : cuir PU avec int\u00e9rieur en polyester.<\/li>\n<li>Style : vintage et simple.<\/li>\n<li>Type de fermeture : fermeture \u00e9clair.<\/li>\n<li>Sac principal avec un compartiment int\u00e9rieur \u00e0 fermeture \u00e9clair, une poche zipp\u00e9e, une poche pour t\u00e9l\u00e9phone et une poche pour documents \u00e0 l&#8217;int\u00e9rieur du sac principal.<\/li>\n<li>Bandouli\u00e8re r\u00e9glable avec boucles m\u00e9talliques et deux sangles en cuir.<\/li>\n<li>Grande capacit\u00e9<\/li>\n<li>Le cuir PU robuste rend le sac \u00e0 main ou sac \u00e0 bandouli\u00e8re plus durable.<\/li>\n<li>Les couleurs peuvent varier en raison de la lumi\u00e8re et de l&#8217;environnement<\/li>\n<li><\/li>\n<\/ul>\n","protected":false},"featured_media":1728,"comment_status":"open","ping_status":"closed","template":"","meta":[],"product_cat":[30],"product_tag":[],"class_list":{"0":"post-1727","1":"product","2":"type-product","3":"status-publish","4":"has-post-thumbnail","6":"product_cat-maroquinerie","8":"first","9":"instock","10":"shipping-taxable","11":"purchasable","12":"product-type-simple","13":"add-to-wishlist-after_add_to_cart"},"aioseo_notices":[],"_links":{"self":[{"href":"https:\/\/www.euro10pro.fr\/index.php\/wp-json\/wp\/v2\/product\/1727","targetHints":{"allow":["GET"]}}],"collection":[{"href":"https:\/\/www.euro10pro.fr\/index.php\/wp-json\/wp\/v2\/product"}],"about":[{"href":"https:\/\/www.euro10pro.fr\/index.php\/wp-json\/wp\/v2\/types\/product"}],"replies":[{"embeddable":true,"href":"https:\/\/www.euro10pro.fr\/index.php\/wp-json\/wp\/v2\/comments?post=1727"}],"version-history":[{"count":3,"href":"https:\/\/www.euro10pro.fr\/index.php\/wp-json\/wp\/v2\/product\/1727\/revisions"}],"predecessor-version":[{"id":1735,"href":"https:\/\/www.euro10pro.fr\/index.php\/wp-json\/wp\/v2\/product\/1727\/revisions\/1735"}],"wp:featuredmedia":[{"embeddable":true,"href":"https:\/\/www.euro10pro.fr\/index.php\/wp-json\/wp\/v2\/media\/1728"}],"wp:attachment":[{"href":"https:\/\/www.euro10pro.fr\/index.php\/wp-json\/wp\/v2\/media?parent=1727"}],"wp:term":[{"taxonomy":"product_cat","embeddable":true,"href":"https:\/\/www.euro10pro.fr\/index.php\/wp-json\/wp\/v2\/product_cat?post=1727"},{"taxonomy":"product_tag","embeddable":true,"href":"https:\/\/www.euro10pro.fr\/index.php\/wp-json\/wp\/v2\/product_tag?post=1727"}],"curies":[{"name":"wp","href":"https:\/\/api.w.org\/{rel}","templated":true}]}}