{"id":1791,"date":"2024-09-17T14:44:02","date_gmt":"2024-09-17T12:44:02","guid":{"rendered":"https:\/\/www.euro10pro.fr\/?post_type=product&#038;p=1791"},"modified":"2024-09-17T14:55:15","modified_gmt":"2024-09-17T12:55:15","slug":"sac-a-main-monza","status":"publish","type":"product","link":"https:\/\/www.euro10pro.fr\/index.php\/produit\/sac-a-main-monza\/","title":{"rendered":"Sac \u00e0 main- MONZA"},"content":{"rendered":"<p>Caract\u00e9ristiques :<\/p>\n<ul>\n<li>Synth\u00e9tique de haute qualit\u00e9<\/li>\n<li>Praticit\u00e9 : Spacieux et bien organis\u00e9, il est parfait pour transporter toutes vos affaires<\/li>\n<li>Parfait pour le bureau et pour faire la f\u00eate<\/li>\n<li>Cadeau id\u00e9al : m\u00e8res, \u00e9pouses, petites amies et meilleures amies adoreront ce cadeau pour les f\u00eates et les anniversaires<\/li>\n<\/ul>\n<p>Conseils d\u2019entretien :<\/p>\n<p>Nettoyez votre sac \u00e0 main avec un chiffon doux et humide pour conserver son \u00e9clat.<br \/>\n\u00c9vitez l\u2019exposition prolong\u00e9e \u00e0 la lumi\u00e8re directe du soleil pour pr\u00e9venir la d\u00e9coloration.<br \/>\nRangez votre sac dans un endroit sec lorsque vous ne l\u2019utilisez pas pour maintenir sa forme et sa qualit\u00e9<\/p>\n","protected":false},"excerpt":{"rendered":"<p>&nbsp;<\/p>\n<ul>\n<li>Synth\u00e9tique de haute qualit\u00e9<\/li>\n<li>Praticit\u00e9 : Spacieux et bien organis\u00e9, il est parfait pour transporter toutes vos affaires<\/li>\n<li>Parfait pour le bureau et pour faire la f\u00eate<\/li>\n<li>Cadeau id\u00e9al : m\u00e8res, \u00e9pouses, petites amies et meilleures amies adoreront ce cadeau pour les f\u00eates et les anniversaires<\/li>\n<\/ul>\n<p>&nbsp;<\/p>\n","protected":false},"featured_media":1805,"comment_status":"open","ping_status":"closed","template":"","meta":[],"product_cat":[30],"product_tag":[],"class_list":{"0":"post-1791","1":"product","2":"type-product","3":"status-publish","4":"has-post-thumbnail","6":"product_cat-maroquinerie","8":"first","9":"instock","10":"shipping-taxable","11":"purchasable","12":"product-type-variable","13":"add-to-wishlist-after_add_to_cart"},"aioseo_notices":[],"_links":{"self":[{"href":"https:\/\/www.euro10pro.fr\/index.php\/wp-json\/wp\/v2\/product\/1791","targetHints":{"allow":["GET"]}}],"collection":[{"href":"https:\/\/www.euro10pro.fr\/index.php\/wp-json\/wp\/v2\/product"}],"about":[{"href":"https:\/\/www.euro10pro.fr\/index.php\/wp-json\/wp\/v2\/types\/product"}],"replies":[{"embeddable":true,"href":"https:\/\/www.euro10pro.fr\/index.php\/wp-json\/wp\/v2\/comments?post=1791"}],"version-history":[{"count":1,"href":"https:\/\/www.euro10pro.fr\/index.php\/wp-json\/wp\/v2\/product\/1791\/revisions"}],"predecessor-version":[{"id":1804,"href":"https:\/\/www.euro10pro.fr\/index.php\/wp-json\/wp\/v2\/product\/1791\/revisions\/1804"}],"wp:featuredmedia":[{"embeddable":true,"href":"https:\/\/www.euro10pro.fr\/index.php\/wp-json\/wp\/v2\/media\/1805"}],"wp:attachment":[{"href":"https:\/\/www.euro10pro.fr\/index.php\/wp-json\/wp\/v2\/media?parent=1791"}],"wp:term":[{"taxonomy":"product_cat","embeddable":true,"href":"https:\/\/www.euro10pro.fr\/index.php\/wp-json\/wp\/v2\/product_cat?post=1791"},{"taxonomy":"product_tag","embeddable":true,"href":"https:\/\/www.euro10pro.fr\/index.php\/wp-json\/wp\/v2\/product_tag?post=1791"}],"curies":[{"name":"wp","href":"https:\/\/api.w.org\/{rel}","templated":true}]}}