{"id":1815,"date":"2024-09-25T14:27:38","date_gmt":"2024-09-25T12:27:38","guid":{"rendered":"https:\/\/www.euro10pro.fr\/?post_type=product&#038;p=1815"},"modified":"2024-09-25T16:03:13","modified_gmt":"2024-09-25T14:03:13","slug":"mini-parapluie-gelato","status":"publish","type":"product","link":"https:\/\/www.euro10pro.fr\/index.php\/produit\/mini-parapluie-gelato\/","title":{"rendered":"Mini Parapluie &#8211; GELATO"},"content":{"rendered":"<p><span class=\"a-list-item\">Caract\u00e9ristiques : <\/span><\/p>\n<ul>\n<li><span class=\"a-list-item\">L\u00e9ger et compact <\/span><\/li>\n<li><span class=\"a-list-item\">Facile \u00e0 transporter et \u00e0 ranger (coque int\u00e9gr\u00e9e)\u00a0<\/span><\/li>\n<li><span class=\"a-list-item\">Parapluie pour le soleil ou la pluie : enduit \u00e0 l&#8217;int\u00e9rieur, il peut fournir une protection solaire, ne craignant plus d&#8217;\u00eatre br\u00fbl\u00e9 par la lumi\u00e8re du soleil extr\u00eame et vous permet de vous sentir au frais pendant l&#8217;\u00e9t\u00e9 chaud. <\/span><\/li>\n<li><span class=\"a-list-item\">Ext\u00e9rieur imperm\u00e9able vous prot\u00e8ge de l&#8217;humidit\u00e9 les jours de pluie.<\/span><\/li>\n<li><span class=\"a-list-item\">Fabriqu\u00e9 avec un tissu de qualit\u00e9, robuste\u00a0<\/span><\/li>\n<li><span class=\"a-list-item\">Poign\u00e9e est confortable \u00e0 tenir et anti-d\u00e9rapante<\/span><\/li>\n<li><span class=\"a-list-item\">Parfait pour les voyages : se glisse parfaitement dans votre sac \u00e0 main, valise ou sac \u00e0 dos. <\/span><\/li>\n<li><span class=\"a-list-item\">Id\u00e9al pour les voyages, les affaires, le camping et une utilisation quotidienne.<\/span><\/li>\n<li><span class=\"a-list-item\">Cadeau id\u00e9al pour la famille, les amis, les coll\u00e8gues et les \u00e9pouses, anniversaire<\/span><\/li>\n<\/ul>\n<p>Conseils d&#8217;utilisation :<\/p>\n<ul>\n<li><strong>S\u00e9cher apr\u00e8s chaque utilisation<\/strong> : Afin de pr\u00e9server la toile imperm\u00e9able et la couche de protection UV, laissez le parapluie ouvert pour qu&#8217;il s\u00e8che compl\u00e8tement apr\u00e8s chaque utilisation. Cela \u00e9vite l\u2019apparition de moisissures et maintient l\u2019efficacit\u00e9 des traitements de surface.<\/li>\n<li><strong>Nettoyage doux<\/strong> : Si la toile est tach\u00e9e, nettoyez-la d\u00e9licatement avec un chiffon humide et un peu de savon doux. \u00c9vitez les produits chimiques agressifs qui pourraient alt\u00e9rer la protection anti-UV ou l\u2019imperm\u00e9abilit\u00e9.<\/li>\n<li><strong>Rangement<\/strong> : Pliez soigneusement le parapluie une fois qu&#8217;il est bien sec et rangez-le dans sa housse de protection pour \u00e9viter l&#8217;usure pr\u00e9matur\u00e9e de la toile.<\/li>\n<li><strong>\u00c9vitez les chocs<\/strong> : Le m\u00e9canisme pliant du parapluie est con\u00e7u pour \u00eatre l\u00e9ger et compact. Manipulez-le avec soin pour \u00e9viter les d\u00e9formations des baleines ou des d\u00e9g\u00e2ts sur le syst\u00e8me d&#8217;ouverture.<\/li>\n<li><strong>Stockage \u00e0 l\u2019abri<\/strong> : Lorsque vous ne l\u2019utilisez pas, conservez votre parapluie dans un endroit sec et \u00e0 l\u2019abri de la lumi\u00e8re directe du soleil pour \u00e9viter toute d\u00e9gradation de la couche protectrice UV.<\/li>\n<\/ul>\n<p>&nbsp;<\/p>\n","protected":false},"excerpt":{"rendered":"<ul>\n<li><span class=\"a-list-item\">L\u00e9ger et compact <\/span><\/li>\n<li><span class=\"a-list-item\">Facile \u00e0 transporter et \u00e0 ranger (coque int\u00e9gr\u00e9e)\u00a0<\/span><\/li>\n<li><span class=\"a-list-item\">Parapluie pour le soleil ou la pluie : enduit \u00e0 l&#8217;int\u00e9rieur, il peut fournir une protection solaire.<\/span><\/li>\n<li><span class=\"a-list-item\">Ext\u00e9rieur imperm\u00e9able prot\u00e8ge de l&#8217;humidit\u00e9 les jours de pluie.<\/span><\/li>\n<li><span class=\"a-list-item\">Fabriqu\u00e9 avec un tissu de qualit\u00e9, robuste\u00a0<\/span><\/li>\n<li><span class=\"a-list-item\">Poign\u00e9e confortable \u00e0 tenir et anti-d\u00e9rapante<\/span><\/li>\n<li><span class=\"a-list-item\">Se glisse parfaitement dans votre sac \u00e0 main, valise ou sac \u00e0 dos. <\/span><\/li>\n<li><span class=\"a-list-item\">Id\u00e9al pour les voyages, les affaires, le camping et une utilisation quotidienne.<\/span><\/li>\n<li><span class=\"a-list-item\">Cadeau id\u00e9al pour la famille, les amis, les coll\u00e8gues et les \u00e9pouses, anniversaire<\/span><\/li>\n<\/ul>\n","protected":false},"featured_media":1818,"comment_status":"open","ping_status":"closed","template":"","meta":[],"product_cat":[30],"product_tag":[],"class_list":{"0":"post-1815","1":"product","2":"type-product","3":"status-publish","4":"has-post-thumbnail","6":"product_cat-maroquinerie","8":"first","9":"instock","10":"shipping-taxable","11":"purchasable","12":"product-type-variable","13":"add-to-wishlist-after_add_to_cart"},"aioseo_notices":[],"_links":{"self":[{"href":"https:\/\/www.euro10pro.fr\/index.php\/wp-json\/wp\/v2\/product\/1815","targetHints":{"allow":["GET"]}}],"collection":[{"href":"https:\/\/www.euro10pro.fr\/index.php\/wp-json\/wp\/v2\/product"}],"about":[{"href":"https:\/\/www.euro10pro.fr\/index.php\/wp-json\/wp\/v2\/types\/product"}],"replies":[{"embeddable":true,"href":"https:\/\/www.euro10pro.fr\/index.php\/wp-json\/wp\/v2\/comments?post=1815"}],"version-history":[{"count":6,"href":"https:\/\/www.euro10pro.fr\/index.php\/wp-json\/wp\/v2\/product\/1815\/revisions"}],"predecessor-version":[{"id":1839,"href":"https:\/\/www.euro10pro.fr\/index.php\/wp-json\/wp\/v2\/product\/1815\/revisions\/1839"}],"wp:featuredmedia":[{"embeddable":true,"href":"https:\/\/www.euro10pro.fr\/index.php\/wp-json\/wp\/v2\/media\/1818"}],"wp:attachment":[{"href":"https:\/\/www.euro10pro.fr\/index.php\/wp-json\/wp\/v2\/media?parent=1815"}],"wp:term":[{"taxonomy":"product_cat","embeddable":true,"href":"https:\/\/www.euro10pro.fr\/index.php\/wp-json\/wp\/v2\/product_cat?post=1815"},{"taxonomy":"product_tag","embeddable":true,"href":"https:\/\/www.euro10pro.fr\/index.php\/wp-json\/wp\/v2\/product_tag?post=1815"}],"curies":[{"name":"wp","href":"https:\/\/api.w.org\/{rel}","templated":true}]}}